{"id":40,"date":"2023-12-13T12:12:26","date_gmt":"2023-12-13T18:12:26","guid":{"rendered":"https:\/\/aasperi.com\/?page_id=40"},"modified":"2025-07-07T00:52:38","modified_gmt":"2025-07-07T06:52:38","slug":"acerca-de","status":"publish","type":"page","link":"https:\/\/aasperi.com\/index.php\/acerca-de\/","title":{"rendered":"ACERCA DE&#8230;"},"content":{"rendered":"\n<p><a href=\"https:\/\/wa.link\/mitnp8\">ASPER RIEGOS<\/a> es una empresa de servicios dedicada al dise\u00f1o, implementaci\u00f3n y mantenimiento de sistemas de riego residenciales y agr\u00edcolas, as\u00ed como al desarrollo de proyectos relacionados con el sector h\u00eddrico, con sede en Quer\u00e9taro, Qro.<\/p>\n\n\n\n<p>Nuestra propuesta de valor se centra en ofrecer soluciones integrales, eficientes y sostenibles, optimizando el uso del agua y garantizando la salud y productividad de \u00e1reas verdes y cultivos.<\/p>\n\n\n\n<p>Nos dirigimos a propietarios de residencias, desarrolladores inmobiliarios, as\u00ed como a productores agr\u00edcolas en la regi\u00f3n, diferenci\u00e1ndonos por nuestra excelencia t\u00e9cnica, atenci\u00f3n personalizada y fuerte compromiso con la eficiencia h\u00eddrica.<\/p>\n\n\n\n<p>Nuestro prop\u00f3sito: Proporcionar soluciones de riego innovadoras y eficientes que respondan a las necesidades espec\u00edficas de nuestros clientes, contribuyendo a la sostenibilidad del recurso h\u00eddrico en la regi\u00f3n de Quer\u00e9taro.<\/p>\n\n\n\n<p>MISI\u00d3N: En <a href=\"https:\/\/wa.link\/mitnp8\">ASPER RIEGOS<\/a>, ofrecemos soluciones integrales y sostenibles de dise\u00f1o, implementaci\u00f3n y mantenimiento de sistemas de riego residenciales y agr\u00edcolas en Quer\u00e9taro. Nuestro compromiso es optimizar el uso del agua y garantizar la salud y productividad de \u00e1reas verdes y cultivos, a trav\u00e9s de un servicio profesional, personalizado y de alta calidad que se alinea con la eficiencia y la responsabilidad ambiental.<\/p>\n\n\n\n<p>VISI\u00d3N: Ser referente en sistemas de riego en Quer\u00e9taro, reconocida por nuestra excelencia t\u00e9cnica, \u00e9tica profesional y compromiso inquebrantable con la satisfacci\u00f3n del cliente. Buscamos ser un pilar en el desarrollo sostenible de la regi\u00f3n mediante la gesti\u00f3n eficiente del recurso h\u00eddrico y la adopci\u00f3n de tecnolog\u00edas de vanguardia.<\/p>\n\n\n\n<p>VALORES:<br><em>o Eficiencia H\u00eddrica: <\/em>Promovemos el uso responsable y optimizado del agua en todos nuestros proyectos.<br><em>o Calidad y Profesionalismo: <\/em>Garantizamos servicios de alto nivel, con atenci\u00f3n al detalle y \u00e9tica en cada interacci\u00f3n.<br><em>o Innovaci\u00f3n: <\/em>Buscamos constantemente las mejores tecnolog\u00edas y pr\u00e1cticas para ofrecer soluciones de vanguardia.<br><em>o Orientaci\u00f3n al Cliente: <\/em>Escuchamos activamente las necesidades de nuestros clientes para ofrecer soluciones personalizadas y superar sus expectativas.<br><em>o Sostenibilidad: <\/em>Contribuimos activamente a la preservaci\u00f3n del medio ambiente a trav\u00e9s de nuestras soluciones de riego.<\/p>\n\n\n\n<div class=\"wp-block-buttons has-custom-font-size has-large-font-size is-layout-flex wp-container-core-buttons-layout-1 wp-block-buttons-is-layout-flex\">\n<div class=\"wp-block-button\"><a class=\"wp-block-button__link has-vivid-green-cyan-background-color has-background wp-element-button\" href=\"https:\/\/wa.link\/mitnp8\" target=\"_blank\" rel=\"noreferrer noopener\">CLICK PARA CONTACTARNOS<\/a><\/div>\n<\/div>\n","protected":false},"excerpt":{"rendered":"<p>ASPER RIEGOS es una empresa de servicios dedicada al dise\u00f1o, implementaci\u00f3n y mantenimiento de sistemas de riego residenciales y agr\u00edcolas, as\u00ed como al desarrollo de proyectos relacionados con el sector h\u00eddrico, con sede en Quer\u00e9taro, Qro. Nuestra propuesta de valor se centra en ofrecer soluciones integrales, eficientes y sostenibles, optimizando el uso del agua y&hellip;&nbsp;<a href=\"https:\/\/aasperi.com\/index.php\/acerca-de\/\" rel=\"bookmark\">Leer m\u00e1s &raquo;<span class=\"screen-reader-text\">ACERCA DE&#8230;<\/span><\/a><\/p>\n","protected":false},"author":1,"featured_media":0,"parent":0,"menu_order":0,"comment_status":"closed","ping_status":"closed","template":"","meta":{"neve_meta_sidebar":"","neve_meta_container":"","neve_meta_enable_content_width":"","neve_meta_content_width":0,"neve_meta_title_alignment":"","neve_meta_author_avatar":"","neve_post_elements_order":"","neve_meta_disable_header":"","neve_meta_disable_footer":"","neve_meta_disable_title":"","footnotes":""},"_links":{"self":[{"href":"https:\/\/aasperi.com\/index.php\/wp-json\/wp\/v2\/pages\/40"}],"collection":[{"href":"https:\/\/aasperi.com\/index.php\/wp-json\/wp\/v2\/pages"}],"about":[{"href":"https:\/\/aasperi.com\/index.php\/wp-json\/wp\/v2\/types\/page"}],"author":[{"embeddable":true,"href":"https:\/\/aasperi.com\/index.php\/wp-json\/wp\/v2\/users\/1"}],"replies":[{"embeddable":true,"href":"https:\/\/aasperi.com\/index.php\/wp-json\/wp\/v2\/comments?post=40"}],"version-history":[{"count":4,"href":"https:\/\/aasperi.com\/index.php\/wp-json\/wp\/v2\/pages\/40\/revisions"}],"predecessor-version":[{"id":156,"href":"https:\/\/aasperi.com\/index.php\/wp-json\/wp\/v2\/pages\/40\/revisions\/156"}],"wp:attachment":[{"href":"https:\/\/aasperi.com\/index.php\/wp-json\/wp\/v2\/media?parent=40"}],"curies":[{"name":"wp","href":"https:\/\/api.w.org\/{rel}","templated":true}]}}