{"id":36,"date":"2023-12-13T11:58:41","date_gmt":"2023-12-13T17:58:41","guid":{"rendered":"https:\/\/aasperi.com\/?page_id=36"},"modified":"2025-07-07T19:25:14","modified_gmt":"2025-07-08T01:25:14","slug":"home","status":"publish","type":"page","link":"https:\/\/aasperi.com\/","title":{"rendered":"\u00a1Bienvenid@ a ASPER RIEGOS!"},"content":{"rendered":"\n<p>Tu <a href=\"https:\/\/aasperi.com\/index.php\/contenido\/\">espacio sobre riego eficiente, jardines ambientales y tecnolog\u00eda del agua<\/a> en Quer\u00e9taro<\/p>\n\n\n\n<p>En <strong><em><mark style=\"background-color:rgba(0, 0, 0, 0)\" class=\"has-inline-color has-vivid-green-cyan-color\"><a href=\"https:\/\/wa.link\/mitnp8\" data-type=\"link\" data-id=\"https:\/\/wa.link\/mitnp8\">ASPER RIEGOS<\/a><\/mark><\/em><\/strong>, creemos que <strong><em>cada gota cuenta<\/em><\/strong> y que la belleza natural puede coexistir con la eficiencia. Este es tu <strong><em>espacio dedicado a transformar la forma en que interact\u00faas con el agua <\/em><\/strong>en tu hogar y en tu campo. Desde el coraz\u00f3n de Quer\u00e9taro, te traemos las mejores pr\u00e1cticas, las \u00faltimas tecnolog\u00edas y los secretos para dise\u00f1ar, implementar y mantener sistemas de riego inteligentes, as\u00ed como para crear impresionantes jardines que amen el agua, especialmente a trav\u00e9s del revolucionario <em>xeropaisajismo<\/em>.<br>Aqu\u00ed encontrar\u00e1s <em><strong>gu\u00edas pr\u00e1cticas, consejos de expertos y soluciones innovadoras<\/strong><\/em> para que tu oasis personal o tu producci\u00f3n agr\u00edcola florezcan de manera sostenible. \u00a1Prep\u00e1rate para optimizar tus recursos y disfrutar de un futuro m\u00e1s verde!<\/p>\n\n\n\n<p><strong>\u00bfListo para Optimizar tu Consumo de Agua y Transformar tu Espacio?<br><\/strong>En ASPER RIEGOS, estamos listos para ayudarte a convertir la teor\u00eda en realidad. Nuestros expertos en Quer\u00e9taro est\u00e1n esperando para dise\u00f1ar desde una soluci\u00f3n de riego o un jard\u00edn sustentable a la medida de tus necesidades.<\/p>\n\n\n\n<p>\u00a1Solicita una Consultor\u00eda Gratuita con Nuestros Expertos en Quer\u00e9taro!<\/p>\n\n\n\n<div class=\"wp-block-buttons has-custom-font-size has-x-large-font-size is-horizontal is-content-justification-center is-layout-flex wp-container-core-buttons-layout-1 wp-block-buttons-is-layout-flex\">\n<div class=\"wp-block-button has-custom-width wp-block-button__width-100 has-custom-font-size\" style=\"font-size:27px\"><a class=\"wp-block-button__link has-white-color has-vivid-green-cyan-background-color has-text-color has-background has-link-color wp-element-button\" href=\"https:\/\/wa.link\/mitnp8\" target=\"_blank\" rel=\"noreferrer noopener\">QUIERO MI CONSULTOR\u00cdA GRATUITA<\/a><\/div>\n<\/div>\n","protected":false},"excerpt":{"rendered":"<p>Tu espacio sobre riego eficiente, jardines ambientales y tecnolog\u00eda del agua en Quer\u00e9taro En ASPER RIEGOS, creemos que cada gota cuenta y que la belleza natural puede coexistir con la eficiencia. Este es tu espacio dedicado a transformar la forma en que interact\u00faas con el agua en tu hogar y en tu campo. Desde el&hellip;&nbsp;<a href=\"https:\/\/aasperi.com\/\" rel=\"bookmark\">Leer m\u00e1s &raquo;<span class=\"screen-reader-text\">\u00a1Bienvenid@ a ASPER RIEGOS!<\/span><\/a><\/p>\n","protected":false},"author":1,"featured_media":0,"parent":0,"menu_order":0,"comment_status":"closed","ping_status":"closed","template":"","meta":{"neve_meta_sidebar":"","neve_meta_container":"","neve_meta_enable_content_width":"","neve_meta_content_width":0,"neve_meta_title_alignment":"","neve_meta_author_avatar":"","neve_post_elements_order":"","neve_meta_disable_header":"","neve_meta_disable_footer":"","neve_meta_disable_title":"","footnotes":""},"_links":{"self":[{"href":"https:\/\/aasperi.com\/index.php\/wp-json\/wp\/v2\/pages\/36"}],"collection":[{"href":"https:\/\/aasperi.com\/index.php\/wp-json\/wp\/v2\/pages"}],"about":[{"href":"https:\/\/aasperi.com\/index.php\/wp-json\/wp\/v2\/types\/page"}],"author":[{"embeddable":true,"href":"https:\/\/aasperi.com\/index.php\/wp-json\/wp\/v2\/users\/1"}],"replies":[{"embeddable":true,"href":"https:\/\/aasperi.com\/index.php\/wp-json\/wp\/v2\/comments?post=36"}],"version-history":[{"count":17,"href":"https:\/\/aasperi.com\/index.php\/wp-json\/wp\/v2\/pages\/36\/revisions"}],"predecessor-version":[{"id":199,"href":"https:\/\/aasperi.com\/index.php\/wp-json\/wp\/v2\/pages\/36\/revisions\/199"}],"wp:attachment":[{"href":"https:\/\/aasperi.com\/index.php\/wp-json\/wp\/v2\/media?parent=36"}],"curies":[{"name":"wp","href":"https:\/\/api.w.org\/{rel}","templated":true}]}}